{"id":34,"date":"2023-03-28T17:16:59","date_gmt":"2023-03-28T17:16:59","guid":{"rendered":"http:\/\/www.istca.org\/?page_id=34"},"modified":"2023-03-29T06:47:10","modified_gmt":"2023-03-29T06:47:10","slug":"our-board-of-directors","status":"publish","type":"page","link":"http:\/\/www.istca.org\/?page_id=34","title":{"rendered":"OUR BOARD OF DIRECTORS"},"content":{"rendered":"\n<p>BOARD OF DIRECTORS<\/p>\n\n\n\n<p>Master List<\/p>\n\n\n\n<p>1 General President; <strong>Huzeyfe Benli<\/strong><\/p>\n\n\n\n<p>2 Vice Presidents;<strong>Ercan Ataseven<\/strong><\/p>\n\n\n\n<p>3 Vice Presidents;<strong>Osman Suba\u015f\u0131<\/strong><\/p>\n\n\n\n<p>4 Vice Presidents;<strong>Demirhan DA\u015eTAN<\/strong><\/p>\n\n\n\n<p>5 General Secretary;<strong>Metin \u015eeref<\/strong><\/p>\n\n\n\n<p>6 Acting Secretary General;<strong>\u00d6mer Faruk Benli<\/strong><\/p>\n\n\n\n<p>7 Treasurer;<\/p>\n\n\n\n<p>8 Board Members;<strong>Baybars Hazar<\/strong><\/p>\n\n\n\n<p>Backup List<\/p>\n\n\n\n<p>1 Board members;<strong>Tuncay Liman<\/strong><\/p>\n\n\n\n<p>2 Board members;<strong>Akif Bayrak<\/strong><\/p>\n\n\n\n<p>3 Board members;<strong>Murat Solak<\/strong><\/p>\n\n\n\n<p>4 Board members;<strong>Aziz Arda Ataseven<\/strong><\/p>\n\n\n\n<p>5 Board members;<strong>Enver \u00d6zdemir<\/strong><\/p>\n","protected":false},"excerpt":{"rendered":"<p>BOARD OF DIRECTORS Master List 1 General President; Huzeyfe Benli 2 Vice Presidents;Ercan Ataseven 3 Vice Presidents;Osman Suba\u015f\u0131 4 Vice Presidents;Demirhan DA\u015eTAN 5 General Secretary;Metin \u015eeref 6 Acting Secretary General;\u00d6mer Faruk Benli 7 Treasurer; 8 Board Members;Baybars Hazar Backup List &hellip; <a href=\"http:\/\/www.istca.org\/?page_id=34\">Continue reading <span class=\"meta-nav\">&rarr;<\/span><\/a><\/p>\n","protected":false},"author":1,"featured_media":0,"parent":0,"menu_order":0,"comment_status":"closed","ping_status":"closed","template":"","meta":[],"_links":{"self":[{"href":"http:\/\/www.istca.org\/index.php?rest_route=\/wp\/v2\/pages\/34"}],"collection":[{"href":"http:\/\/www.istca.org\/index.php?rest_route=\/wp\/v2\/pages"}],"about":[{"href":"http:\/\/www.istca.org\/index.php?rest_route=\/wp\/v2\/types\/page"}],"author":[{"embeddable":true,"href":"http:\/\/www.istca.org\/index.php?rest_route=\/wp\/v2\/users\/1"}],"replies":[{"embeddable":true,"href":"http:\/\/www.istca.org\/index.php?rest_route=%2Fwp%2Fv2%2Fcomments&post=34"}],"version-history":[{"count":4,"href":"http:\/\/www.istca.org\/index.php?rest_route=\/wp\/v2\/pages\/34\/revisions"}],"predecessor-version":[{"id":51,"href":"http:\/\/www.istca.org\/index.php?rest_route=\/wp\/v2\/pages\/34\/revisions\/51"}],"wp:attachment":[{"href":"http:\/\/www.istca.org\/index.php?rest_route=%2Fwp%2Fv2%2Fmedia&parent=34"}],"curies":[{"name":"wp","href":"https:\/\/api.w.org\/{rel}","templated":true}]}}